{"id":218,"date":"2025-05-18T12:06:37","date_gmt":"2025-05-18T11:06:37","guid":{"rendered":"https:\/\/waldonline.eu\/?page_id=218"},"modified":"2025-11-29T20:02:02","modified_gmt":"2025-11-29T19:02:02","slug":"kommunalwahl-2025-chance-fuer-veraenderungen","status":"publish","type":"page","link":"https:\/\/waldonline.eu\/?page_id=218","title":{"rendered":"Kommunalwahl 2025- Danke f\u00fcr Ihr Vetrtrauen"},"content":{"rendered":"\n<figure class=\"wp-block-image size-large\"><img loading=\"lazy\" decoding=\"async\" width=\"1024\" height=\"1024\" src=\"https:\/\/waldonline.eu\/wp-content\/uploads\/2025\/09\/social_media_dank-1024x1024.jpg\" alt=\"\" class=\"wp-image-327\" srcset=\"https:\/\/waldonline.eu\/wp-content\/uploads\/2025\/09\/social_media_dank-1024x1024.jpg 1024w, https:\/\/waldonline.eu\/wp-content\/uploads\/2025\/09\/social_media_dank-300x300.jpg 300w, https:\/\/waldonline.eu\/wp-content\/uploads\/2025\/09\/social_media_dank-150x150.jpg 150w, https:\/\/waldonline.eu\/wp-content\/uploads\/2025\/09\/social_media_dank-768x768.jpg 768w, https:\/\/waldonline.eu\/wp-content\/uploads\/2025\/09\/social_media_dank-1536x1536.jpg 1536w, https:\/\/waldonline.eu\/wp-content\/uploads\/2025\/09\/social_media_dank.jpg 1600w\" sizes=\"auto, (max-width: 1024px) 100vw, 1024px\" \/><\/figure>\n\n\n\n<p>Liebe Mitb\u00fcrgerinnen und Mitb\u00fcrger im Wahlkreis 1100,<br>am 14. September haben Sie mir mit Ihrer Stimme gro\u00dfes Vertrauen geschenkt. F\u00fcr diesen klaren Auftrag danke ich Ihnen von Herzen.<br>Dieser Wahlsieg ist kein pers\u00f6nlicher Triumph, sondern ein gemeinsamer Erfolg. Er zeigt, dass wir in Pumpe-Stich zusammenstehen, wenn es darum geht, unseren Ortsteil zu gestalten, Tradition zu bewahren und zugleich mutig neue Wege zu gehen.<br>Ich verspreche, dieses Vertrauen mit Tatkraft, Offenheit und Verl\u00e4sslichkeit zu rechtfertigen. Politik lebt vom Miteinander \u2013 deshalb lade ich Sie ein, weiterhin Ihre Ideen, Kritik und Anregungen einzubringen. Nur gemeinsam k\u00f6nnen wir unsere Stadt lebendig und zukunftsf\u00e4hig halten.<br>Mein Dank gilt auch allen, die mich in den vergangenen Wochen unterst\u00fctzt haben \u2013 ob im Wahlkampf, in den Vereinen oder im pers\u00f6nlichen Gespr\u00e4ch. Ihr Einsatz und Ihre Ermutigung haben diesen Erfolg m\u00f6glich gemacht.<br>Lassen Sie uns nun mit Zuversicht nach vorne schauen. Ich freue mich darauf, die kommenden Jahre im Stadtrat f\u00fcr Sie und mit Ihnen zu gestalten.<br>Herzlichst<br>Oliver Wald<\/p>\n","protected":false},"excerpt":{"rendered":"<p>Liebe Mitb\u00fcrgerinnen und Mitb\u00fcrger im Wahlkreis 1100,am 14. September haben Sie mir mit Ihrer Stimme gro\u00dfes Vertrauen geschenkt. F\u00fcr diesen klaren Auftrag danke ich Ihnen&#8230;<\/p>\n<div class=\"more-link-wrapper\"><a class=\"more-link\" href=\"https:\/\/waldonline.eu\/?page_id=218\">Weiterlesen<span class=\"screen-reader-text\">Kommunalwahl 2025- Danke f\u00fcr Ihr Vetrtrauen<\/span><\/a><\/div>\n","protected":false},"author":1,"featured_media":224,"parent":0,"menu_order":0,"comment_status":"closed","ping_status":"closed","template":"","meta":{"footnotes":""},"class_list":["post-218","page","type-page","status-publish","has-post-thumbnail","hentry","entry"],"_links":{"self":[{"href":"https:\/\/waldonline.eu\/index.php?rest_route=\/wp\/v2\/pages\/218","targetHints":{"allow":["GET"]}}],"collection":[{"href":"https:\/\/waldonline.eu\/index.php?rest_route=\/wp\/v2\/pages"}],"about":[{"href":"https:\/\/waldonline.eu\/index.php?rest_route=\/wp\/v2\/types\/page"}],"author":[{"embeddable":true,"href":"https:\/\/waldonline.eu\/index.php?rest_route=\/wp\/v2\/users\/1"}],"replies":[{"embeddable":true,"href":"https:\/\/waldonline.eu\/index.php?rest_route=%2Fwp%2Fv2%2Fcomments&post=218"}],"version-history":[{"count":7,"href":"https:\/\/waldonline.eu\/index.php?rest_route=\/wp\/v2\/pages\/218\/revisions"}],"predecessor-version":[{"id":343,"href":"https:\/\/waldonline.eu\/index.php?rest_route=\/wp\/v2\/pages\/218\/revisions\/343"}],"wp:featuredmedia":[{"embeddable":true,"href":"https:\/\/waldonline.eu\/index.php?rest_route=\/wp\/v2\/media\/224"}],"wp:attachment":[{"href":"https:\/\/waldonline.eu\/index.php?rest_route=%2Fwp%2Fv2%2Fmedia&parent=218"}],"curies":[{"name":"wp","href":"https:\/\/api.w.org\/{rel}","templated":true}]}}