{"id":220,"date":"2025-05-18T12:12:05","date_gmt":"2025-05-18T11:12:05","guid":{"rendered":"https:\/\/waldonline.eu\/?page_id=220"},"modified":"2025-11-29T19:36:44","modified_gmt":"2025-11-29T18:36:44","slug":"meine-agenda-fuer-pumpe-stich","status":"publish","type":"page","link":"https:\/\/waldonline.eu\/?page_id=220","title":{"rendered":"Zukunftsvision f\u00fcr Pumpe-Stich"},"content":{"rendered":"\n<p><strong>Ortsumgehung Pumpe \u2013 Die Zeit ist reif<\/strong><\/p>\n\n\n\n<p>Seit 25 Jahren setze ich mich unerm\u00fcdlich f\u00fcr den dritten Bauabschnitt der L 238n ein, um den Ortsteil Pumpe-Stich nachhaltig zu entlasten. Mein Engagement begann in einer B\u00fcrgerinitiative anfangs der 2000er Jahre , getragen von der \u00dcberzeugung, dass diese Infrastrukturma\u00dfnahme dringend notwendig ist, um die Lebensqualit\u00e4t in unserem Ortsteil zu verbessern.<\/p>\n\n\n\n<figure class=\"wp-block-gallery has-nested-images columns-default is-cropped wp-block-gallery-1 is-layout-flex wp-block-gallery-is-layout-flex\">\n<figure class=\"wp-block-image size-large\"><img loading=\"lazy\" decoding=\"async\" width=\"1024\" height=\"576\" data-id=\"277\" src=\"https:\/\/waldonline.eu\/wp-content\/uploads\/2025\/06\/Verkehrsbelastung-Pumpe-1024x576.jpg\" alt=\"\" class=\"wp-image-277\" srcset=\"https:\/\/waldonline.eu\/wp-content\/uploads\/2025\/06\/Verkehrsbelastung-Pumpe-1024x576.jpg 1024w, https:\/\/waldonline.eu\/wp-content\/uploads\/2025\/06\/Verkehrsbelastung-Pumpe-300x169.jpg 300w, https:\/\/waldonline.eu\/wp-content\/uploads\/2025\/06\/Verkehrsbelastung-Pumpe-768x432.jpg 768w, https:\/\/waldonline.eu\/wp-content\/uploads\/2025\/06\/Verkehrsbelastung-Pumpe.jpg 1280w\" sizes=\"auto, (max-width: 1024px) 100vw, 1024px\" \/><figcaption class=\"wp-element-caption\">Pumpe<\/figcaption><\/figure>\n<\/figure>\n\n\n\n<p>W\u00e4hrend zwischenzeitlich andere politische Akteure ihre Unterst\u00fctzung f\u00fcr das Projekt aufgegeben hatten, als sie mit Ihrer Partei in Regierungsverantwortung waren, blieb ich standhaft. Auch nachdem die damalige SPD-Landesregierung die Stra\u00dfe 2012 von der Priorit\u00e4tenliste gekippt hatte, lie\u00df ich nicht nach, sondern machte mich weiter f\u00fcr die Umsetzung stark. Denn f\u00fcr mich z\u00e4hlt nicht kurzfristiges politisches Kalk\u00fcl, sondern das langfristige Wohl der B\u00fcrgerinnen und B\u00fcrger.<\/p>\n\n\n\n<p>Mein Einsatz f\u00fcr den dritten Bauabschnitt der L 238n ist nicht nur ein Zeichen von Best\u00e4ndigkeit, sondern auch von Verantwortung. Ich werde weiterhin mit aller Kraft daran arbeiten, dass dieses Projekt die Aufmerksamkeit und Unterst\u00fctzung erh\u00e4lt, die es verdient.<\/p>\n\n\n\n<p>Noch nie war die Chance der Realisierung so hoch, wird doch das Projekt durch die Schaffung des Euregio Railport immer notwendiger.  Die jahrelang leigengebliebenen Planungen wurden durch die Landesregierung wieder aufgenommen und die Nachbarstadt Stolberg plant auf ihrem Stadtgebiet ein Teilst\u00fcck der Umgehung zu bauen.<\/p>\n\n\n\n<p><\/p>\n\n\n\n<p><strong>Euregiobahn Haltepunkt Aue \u2013 ein Leuchtturmprojekt f\u00fcr den Ortsteil<\/strong><\/p>\n\n\n\n<p>Seit Jahren engagiere ich mich f\u00fcr den Euregiobahn-Haltepunkt Aue, denn seine Modernisierung bietet eine einmalige Chance f\u00fcr unsere Region. Die geplante Sanierung des Bahnhofs soll nicht nur das Erscheinungsbild verbessern, sondern auch essenzielle infrastrukturelle Neuerungen mit sich bringen. Ein ausreichend dimensionierter Parkplatz f\u00fcr Berufspendler, sichere Fahrradboxen sowie Ladem\u00f6glichkeiten f\u00fcr E-Bikes und Elektroautos sind zentrale Bausteine dieses Vorhabens<\/p>\n\n\n\n<figure class=\"wp-block-image size-large\"><img loading=\"lazy\" decoding=\"async\" width=\"1024\" height=\"768\" src=\"https:\/\/waldonline.eu\/wp-content\/uploads\/2025\/05\/BHF_Aue-1024x768.jpg\" alt=\"Aue, alter Bahnhof\" class=\"wp-image-245\" srcset=\"https:\/\/waldonline.eu\/wp-content\/uploads\/2025\/05\/BHF_Aue-1024x768.jpg 1024w, https:\/\/waldonline.eu\/wp-content\/uploads\/2025\/05\/BHF_Aue-300x225.jpg 300w, https:\/\/waldonline.eu\/wp-content\/uploads\/2025\/05\/BHF_Aue-768x576.jpg 768w, https:\/\/waldonline.eu\/wp-content\/uploads\/2025\/05\/BHF_Aue.jpg 1226w\" sizes=\"auto, (max-width: 1024px) 100vw, 1024px\" \/><\/figure>\n\n\n\n<p>Dieses Projekt hat das Potenzial, den Ortsteil Aue aufzuwerten und gleichzeitig den Verkehrsfluss in Pumpe-Stich entscheidend zu entlasten. Es w\u00e4re ein Leuchtturmprojekt, das den nachhaltigen und zukunftsorientierten Verkehr in unserer Region ma\u00dfgeblich voranbringen kann. Mein Einsatz gilt der Verwirklichung dieser Pl\u00e4ne, damit der Ortsteil von den vielen Vorteilen profitieren kann<\/p>\n\n\n\n<p>Bereits im Januar 2023 habe ich diese Vision in einem Antrag f\u00fcr die CDU-Fraktion im Rat formuliert.<\/p>\n\n\n\n<p><\/p>\n\n\n\n<p><strong>Eine Sporthalle f\u00fcr die Barbaraschule \u2013 Zeit f\u00fcr echte L\u00f6sungen!<\/strong><\/p>\n\n\n\n<p>Es kann nicht sein, dass die Kinder der Barbaraschule weiterhin wertvolle Unterrichtszeit verlieren, weil es in unmittelbarer N\u00e4he keine geeignete Sporthalle gibt! Statt sinnvoller Bewegung und F\u00f6rderung m\u00fcssen sie mit dem Bus in andere Ortsteile fahren \u2013 eine unn\u00f6tige Belastung f\u00fcr Sch\u00fcler, Lehrkr\u00e4fte und Eltern.<\/p>\n\n\n\n<p>Dieser Missstand darf nicht l\u00e4nger hingenommen werden. Deshalb habe ich im Namen der CDU einen Antrag eingereicht, um eine moderne Multifunktionssporthalle zu realisieren. Sie soll in erster Linie den Sch\u00fclern der Barbaraschule zugutekommen, aber auch den Ortsvereinen als Begegnungs- und Sportst\u00e4tte dienen.<\/p>\n\n\n\n<p>Geeignete Standorte f\u00fcr dieses dringend ben\u00f6tigte Bauprojekt w\u00e4ren unter anderem der ehemalige Sch\u00fctzenplatz am Friedhofsweg oder der Tennenplatz Barbarastra\u00dfe.<\/p>\n\n\n\n<figure class=\"wp-block-image size-large is-resized\"><img loading=\"lazy\" decoding=\"async\" width=\"1024\" height=\"768\" src=\"https:\/\/waldonline.eu\/wp-content\/uploads\/2025\/05\/Grundschule-1024x768.jpg\" alt=\"Barbaraschule\" class=\"wp-image-249\" style=\"width:700px;height:auto\" srcset=\"https:\/\/waldonline.eu\/wp-content\/uploads\/2025\/05\/Grundschule-1024x768.jpg 1024w, https:\/\/waldonline.eu\/wp-content\/uploads\/2025\/05\/Grundschule-300x225.jpg 300w, https:\/\/waldonline.eu\/wp-content\/uploads\/2025\/05\/Grundschule-768x576.jpg 768w, https:\/\/waldonline.eu\/wp-content\/uploads\/2025\/05\/Grundschule.jpg 1382w\" sizes=\"auto, (max-width: 1024px) 100vw, 1024px\" \/><figcaption class=\"wp-element-caption\">Mit dem Ratsvertreter der Waldsiedlung, J\u00f6rg Els, an der Grundschule.<\/figcaption><\/figure>\n\n\n\n<p>Es ist Zeit zu handeln! F\u00fcr unsere Kinder, f\u00fcr unseren Stadtteil \u2013 f\u00fcr eine starke Zukunft!<\/p>\n\n\n\n<p><\/p>\n\n\n\n<p><strong>Gemeinsam f\u00fcr die Zukunft unseres Waldstadions und der Dorfgemeinschaft!<\/strong><\/p>\n\n\n\n<p>Das Waldstadion ist mehr als nur eine Sportst\u00e4tte \u2013 es ist ein Ort der Begegnung, des Zusammenhalts und der Identit\u00e4t f\u00fcr unseren Ortsteil. Doch \u00fcber Jahrzehnte hinweg wurde es vernachl\u00e4ssigt, und nun stehen wir vor einer gro\u00dfen Herausforderung. Doch wir sehen in dieser Herausforderung eine Chance!<\/p>\n\n\n\n<p>Mit einer umfassenden Instandsetzung der Trib\u00fcne, der Laufbahn und des Rasenplatzes sowie einem dringend notwendigen Neubau von Kabinen, Duschen und der Sprecherkabine k\u00f6nnen wir nicht nur die sportlichen M\u00f6glichkeiten verbessern, sondern eine neue \u00c4ra der Gemeinschaft einl\u00e4uten.<\/p>\n\n\n\n<figure class=\"wp-block-image size-large\"><img loading=\"lazy\" decoding=\"async\" width=\"1024\" height=\"768\" src=\"https:\/\/waldonline.eu\/wp-content\/uploads\/2025\/05\/Stadion-1024x768.jpg\" alt=\"Bild Waldstadion\" class=\"wp-image-241\" srcset=\"https:\/\/waldonline.eu\/wp-content\/uploads\/2025\/05\/Stadion-1024x768.jpg 1024w, https:\/\/waldonline.eu\/wp-content\/uploads\/2025\/05\/Stadion-300x225.jpg 300w, https:\/\/waldonline.eu\/wp-content\/uploads\/2025\/05\/Stadion-768x576.jpg 768w, https:\/\/waldonline.eu\/wp-content\/uploads\/2025\/05\/Stadion.jpg 1296w\" sizes=\"auto, (max-width: 1024px) 100vw, 1024px\" \/><figcaption class=\"wp-element-caption\">Waldstadion<\/figcaption><\/figure>\n\n\n\n<p>Unsere Vision geht jedoch noch weiter! Die Errichtung eines Dorfgemeinschaftshauses mit Veranstaltungssaal direkt neben dem Stadion w\u00fcrde nicht nur die Infrastruktur f\u00fcr Sportler und Vereine verbessern, sondern auch einen zentralen Treffpunkt f\u00fcr alle B\u00fcrger schaffen. Hier k\u00f6nnten Veranstaltungen stattfinden, die die Menschen zusammenbringen \u2013 von Vereinsfeiern \u00fcber Sch\u00fctzenfeste bis hin zu Karnevalsveranstaltungen.<\/p>\n\n\n\n<p>Wir m\u00fcssen unser Potenzial nutzen! Fr\u00fcher gab es zahlreiche Gastst\u00e4tten mit Gesellschaftsr\u00e4umen und S\u00e4len, die das soziale Leben in unserem Ortsteil pr\u00e4gten. Heute sind sie verschwunden, und viele Vereine mussten sich in abgelegene Vereinsheime zur\u00fcckziehen oder ihre Veranstaltungen sogar au\u00dferhalb des Ortsteils abhalten. Das darf nicht die Zukunft sein!<\/p>\n\n\n\n<p>Unsere Idee geht \u00fcber die bisherigen Vorschl\u00e4ge hinaus: Ein modernes Dorfgemeinschaftshaus, das die LG-Schie\u00dfbahn der Sch\u00fctzenbruderschaft, Umkleiden, Veranstaltungsr\u00e4ume und einen gro\u00dfen Saal vereint, k\u00f6nnte das Herz unseres Ortsteils werden! Ein Ort, an dem Sport, Kultur und Traditionen gemeinsam gelebt werden \u2013 f\u00fcr Jung und Alt, f\u00fcr alle, die sich mit unserer Heimat verbunden f\u00fchlen.<\/p>\n\n\n\n<p><\/p>\n\n\n\n<p><strong>Schluss mit Leerstand \u2013 Wohnraum endlich nutzen!<\/strong><\/p>\n\n\n\n<p>Seit Jahren verfallen Immobilien in unserem Ortsteil, w\u00e4hrend bezahlbarer Wohnraum dringend gebraucht wird. Das ist nicht hinnehmbar! Ich habe j\u00fcngst erneut auf erkannte Missst\u00e4nde im Ortsteil hingewiesen und im Namen der CDU-Fraktion einen Antrag gestellt, um endlich L\u00f6sungen zu finden. Jetzt ist es an der Zeit, entschlossen zu handeln \u2013 f\u00fcr eine lebenswerte und gerechte Stadtentwicklung!<\/p>\n\n\n\n<p><\/p>\n\n\n\n<p><strong>Feuerwehr-Umzug darf keine Sicherheitsl\u00fccken schaffen!<\/strong><\/p>\n\n\n\n<p>Der geplante Umzug der Feuerwehr in den Norden der Stadt l\u00f6st zwar ein dringendes Problem f\u00fcr die dortigen Stadtteile und den Raumbedarf der Feuerwehr \u2013 doch was bedeutet das f\u00fcr die westlichen Stadtteile? Es kann nicht sein, dass durch diese Neuordnung die schnelle und zuverl\u00e4ssige Versorgung von Hilfesuchenden gef\u00e4hrdet wird!<\/p>\n\n\n\n<p>Ich setze mich daf\u00fcr ein, dass der Umzug nicht zu Lasten der Bewohner unseres Ortsteils geht. Jeder Mensch muss sich darauf verlassen k\u00f6nnen, dass Feuerwehr und Rettungsdienst im Notfall ohne Verz\u00f6gerung zur Stelle sind. Die Stadt muss sicherstellen, dass dieser Standortwechsel keine Sicherheitsl\u00fccken schafft \u2013 denn im Ernstfall z\u00e4hlt jede Sekunde!<\/p>\n\n\n\n<figure class=\"wp-block-image size-large\"><img loading=\"lazy\" decoding=\"async\" width=\"768\" height=\"1024\" src=\"https:\/\/waldonline.eu\/wp-content\/uploads\/2025\/06\/elw-768x1024.jpg\" alt=\"\" class=\"wp-image-279\" srcset=\"https:\/\/waldonline.eu\/wp-content\/uploads\/2025\/06\/elw-768x1024.jpg 768w, https:\/\/waldonline.eu\/wp-content\/uploads\/2025\/06\/elw-225x300.jpg 225w, https:\/\/waldonline.eu\/wp-content\/uploads\/2025\/06\/elw-1152x1536.jpg 1152w, https:\/\/waldonline.eu\/wp-content\/uploads\/2025\/06\/elw-1536x2048.jpg 1536w, https:\/\/waldonline.eu\/wp-content\/uploads\/2025\/06\/elw-scaled.jpg 1920w\" sizes=\"auto, (max-width: 768px) 100vw, 768px\" \/><\/figure>\n\n\n\n<p><strong>&nbsp;Industrielle Zukunft gestalten \u2013 Chancen nutzen!<\/strong><\/p>\n\n\n\n<p>Das alte industrielle Herz unserer Stadt darf nicht weiter brachliegen \u2013 jetzt ist der Moment, es wiederzubeleben! Die ESW-Industriebrache bietet ideale Bedingungen f\u00fcr die Ansiedlung von produzierendem Gewerbe: direkte Anbindung an den zuk\u00fcnftigen Euregio Railport, unmittelbare N\u00e4he zur Autobahn und damit beste Voraussetzungen f\u00fcr wirtschaftliches Wachstum.<\/p>\n\n\n\n<figure class=\"wp-block-image size-large\"><img loading=\"lazy\" decoding=\"async\" width=\"1024\" height=\"768\" src=\"https:\/\/waldonline.eu\/wp-content\/uploads\/2025\/05\/Ermag-1024x768.jpg\" alt=\"R\u00f6hrenwerk\" class=\"wp-image-246\" srcset=\"https:\/\/waldonline.eu\/wp-content\/uploads\/2025\/05\/Ermag-1024x768.jpg 1024w, https:\/\/waldonline.eu\/wp-content\/uploads\/2025\/05\/Ermag-300x225.jpg 300w, https:\/\/waldonline.eu\/wp-content\/uploads\/2025\/05\/Ermag-768x576.jpg 768w, https:\/\/waldonline.eu\/wp-content\/uploads\/2025\/05\/Ermag.jpg 1296w\" sizes=\"auto, (max-width: 1024px) 100vw, 1024px\" \/><figcaption class=\"wp-element-caption\">Das R\u00f6hrenwerk<\/figcaption><\/figure>\n\n\n\n<p>Diese Chance muss endlich genutzt werden, um neue Arbeitspl\u00e4tze zu schaffen, die Wirtschaftskraft zu st\u00e4rken und junge Familien in unseren Ortsteil zu holen. Eine starke Industrie bedeutet eine starke Zukunft.<\/p>\n\n\n\n<p><strong>Volle Unterst\u00fctzung f\u00fcr die beiden Kindertagesst\u00e4tte<\/strong>n<\/p>\n\n\n\n<p>Beide Kindertagesst\u00e4tten im Ortsteil sind bew\u00e4hrte Tr\u00e4ger des gesellschaftlichen Miteinanders.  Das Vorhandensein ausreichender Kita-Pl\u00e4tze ist f\u00fcr die Attraktivit\u00e4t des Ortsteils und f\u00fcr junge Familien sehr wichtig.  Die Kindertagesst\u00e4tte \u201eAn der Alten Rodung\u201c liegt mir besonders am Herzen \u2013 schlie\u00dflich habe ich sie selbst in den Jahren 1976 bis 1979 besucht. Umso mehr setze ich mich nun als Tr\u00e4gervertreter f\u00fcr ihre Belange ein.<\/p>\n\n\n\n<p><\/p>\n\n\n\n<p><\/p>\n","protected":false},"excerpt":{"rendered":"<p>Ortsumgehung Pumpe \u2013 Die Zeit ist reif Seit 25 Jahren setze ich mich unerm\u00fcdlich f\u00fcr den dritten Bauabschnitt der L 238n ein, um den Ortsteil&#8230;<\/p>\n<div class=\"more-link-wrapper\"><a class=\"more-link\" href=\"https:\/\/waldonline.eu\/?page_id=220\">Weiterlesen<span class=\"screen-reader-text\">Zukunftsvision f\u00fcr Pumpe-Stich<\/span><\/a><\/div>\n","protected":false},"author":1,"featured_media":224,"parent":0,"menu_order":0,"comment_status":"closed","ping_status":"closed","template":"","meta":{"footnotes":""},"class_list":["post-220","page","type-page","status-publish","has-post-thumbnail","hentry","entry"],"_links":{"self":[{"href":"https:\/\/waldonline.eu\/index.php?rest_route=\/wp\/v2\/pages\/220","targetHints":{"allow":["GET"]}}],"collection":[{"href":"https:\/\/waldonline.eu\/index.php?rest_route=\/wp\/v2\/pages"}],"about":[{"href":"https:\/\/waldonline.eu\/index.php?rest_route=\/wp\/v2\/types\/page"}],"author":[{"embeddable":true,"href":"https:\/\/waldonline.eu\/index.php?rest_route=\/wp\/v2\/users\/1"}],"replies":[{"embeddable":true,"href":"https:\/\/waldonline.eu\/index.php?rest_route=%2Fwp%2Fv2%2Fcomments&post=220"}],"version-history":[{"count":9,"href":"https:\/\/waldonline.eu\/index.php?rest_route=\/wp\/v2\/pages\/220\/revisions"}],"predecessor-version":[{"id":338,"href":"https:\/\/waldonline.eu\/index.php?rest_route=\/wp\/v2\/pages\/220\/revisions\/338"}],"wp:featuredmedia":[{"embeddable":true,"href":"https:\/\/waldonline.eu\/index.php?rest_route=\/wp\/v2\/media\/224"}],"wp:attachment":[{"href":"https:\/\/waldonline.eu\/index.php?rest_route=%2Fwp%2Fv2%2Fmedia&parent=220"}],"curies":[{"name":"wp","href":"https:\/\/api.w.org\/{rel}","templated":true}]}}