{"id":295,"date":"2025-06-18T13:36:07","date_gmt":"2025-06-18T12:36:07","guid":{"rendered":"https:\/\/waldonline.eu\/?page_id=295"},"modified":"2025-06-18T13:44:17","modified_gmt":"2025-06-18T12:44:17","slug":"aed-fuer-eschweiler","status":"publish","type":"page","link":"https:\/\/waldonline.eu\/?page_id=295","title":{"rendered":"AED f\u00fcr Eschweiler"},"content":{"rendered":"\n<p><strong>Mehr Sicherheit durch fl\u00e4chendeckende AED-Ger\u00e4te \u2013 Mein Einsatz f\u00fcr Eschweiler<\/strong><\/p>\n\n\n\n<p>Seit mehreren Jahren setze ich mich aktiv f\u00fcr die fl\u00e4chendeckende Stationierung von AED-Ger\u00e4ten  (Automatische externe Defibrillatoren) in Eschweiler ein. Mein Ziel ist es, \u00fcberall dort, wo Menschen zusammenkommen, im Notfall schnelle Hilfe zu erm\u00f6glichen.<\/p>\n\n\n\n<p>Nachdem ich bereits 2022 f\u00fcr die CDU einen Antrag zu diesem Thema formuliert hatte und auf eine federf\u00fchrende Umsetzung durch die Stadt Eschweiler nach positiven Ratsbeschluss im Jahr 2023 hoffte, zeigte sich leider, dass private Partnerschaften notwendig wurden. Gl\u00fccklicherweise konnte die Raiffeisenbank als Sponsor des ersten AED-Ger\u00e4ts gewonnen werden. Dieses wurde bereits an der Hauptfiliale der Bank montiert \u2013 ein wichtiger Schritt f\u00fcr die Sicherheit unserer B\u00fcrgerinnen und B\u00fcrger.<\/p>\n\n\n\n<figure class=\"wp-block-image size-large\"><img loading=\"lazy\" decoding=\"async\" width=\"1024\" height=\"576\" src=\"https:\/\/waldonline.eu\/wp-content\/uploads\/2025\/06\/defibrilator-1024x576.jpg\" alt=\"\" class=\"wp-image-302\" srcset=\"https:\/\/waldonline.eu\/wp-content\/uploads\/2025\/06\/defibrilator-1024x576.jpg 1024w, https:\/\/waldonline.eu\/wp-content\/uploads\/2025\/06\/defibrilator-300x169.jpg 300w, https:\/\/waldonline.eu\/wp-content\/uploads\/2025\/06\/defibrilator-768x432.jpg 768w, https:\/\/waldonline.eu\/wp-content\/uploads\/2025\/06\/defibrilator.jpg 1280w\" sizes=\"auto, (max-width: 1024px) 100vw, 1024px\" \/><\/figure>\n\n\n\n<p>Doch das ist nur der Anfang! Ich setze mich weiterhin f\u00fcr zus\u00e4tzliche Ger\u00e4te und weitere Standorte ein \u2013 auch in unserem Ortsteil. Denn jeder Standort eines AED-Ger\u00e4ts kann im Ernstfall Leben retten.<\/p>\n\n\n\n<p>Gemeinsam machen wir Eschweiler sicherer.<\/p>\n\n\n\n<p><\/p>\n","protected":false},"excerpt":{"rendered":"<p>Mehr Sicherheit durch fl\u00e4chendeckende AED-Ger\u00e4te \u2013 Mein Einsatz f\u00fcr Eschweiler Seit mehreren Jahren setze ich mich aktiv f\u00fcr die fl\u00e4chendeckende Stationierung von AED-Ger\u00e4ten (Automatische externe&#8230;<\/p>\n<div class=\"more-link-wrapper\"><a class=\"more-link\" href=\"https:\/\/waldonline.eu\/?page_id=295\">Weiterlesen<span class=\"screen-reader-text\">AED f\u00fcr Eschweiler<\/span><\/a><\/div>\n","protected":false},"author":1,"featured_media":0,"parent":0,"menu_order":0,"comment_status":"closed","ping_status":"closed","template":"","meta":{"footnotes":""},"class_list":["post-295","page","type-page","status-publish","hentry","entry"],"_links":{"self":[{"href":"https:\/\/waldonline.eu\/index.php?rest_route=\/wp\/v2\/pages\/295","targetHints":{"allow":["GET"]}}],"collection":[{"href":"https:\/\/waldonline.eu\/index.php?rest_route=\/wp\/v2\/pages"}],"about":[{"href":"https:\/\/waldonline.eu\/index.php?rest_route=\/wp\/v2\/types\/page"}],"author":[{"embeddable":true,"href":"https:\/\/waldonline.eu\/index.php?rest_route=\/wp\/v2\/users\/1"}],"replies":[{"embeddable":true,"href":"https:\/\/waldonline.eu\/index.php?rest_route=%2Fwp%2Fv2%2Fcomments&post=295"}],"version-history":[{"count":3,"href":"https:\/\/waldonline.eu\/index.php?rest_route=\/wp\/v2\/pages\/295\/revisions"}],"predecessor-version":[{"id":303,"href":"https:\/\/waldonline.eu\/index.php?rest_route=\/wp\/v2\/pages\/295\/revisions\/303"}],"wp:attachment":[{"href":"https:\/\/waldonline.eu\/index.php?rest_route=%2Fwp%2Fv2%2Fmedia&parent=295"}],"curies":[{"name":"wp","href":"https:\/\/api.w.org\/{rel}","templated":true}]}}