{"id":314,"date":"2025-09-02T17:05:50","date_gmt":"2025-09-02T16:05:50","guid":{"rendered":"https:\/\/waldonline.eu\/?page_id=314"},"modified":"2025-11-29T20:29:15","modified_gmt":"2025-11-29T19:29:15","slug":"ueber-mich","status":"publish","type":"page","link":"https:\/\/waldonline.eu\/?page_id=314","title":{"rendered":"\u00dcber mich&#8230;"},"content":{"rendered":"\n<p>Ich bin 1972 in Eschweiler geboren, hier verwurzelt und mit ganzem Herzen Teil dieser Stadt. Seit 1996 bin ich verheiratet, Vater von zwei erwachsenen T\u00f6chtern \u2013 und Teil eines lebhaften Haushalts mit Hund und Katze. Mein Herzensortsteil  ist Pumpe-Stich, mein Lebensmittelpunkt sind die Menschen, Vereine und Geschichten, die unsere Stadt ausmachen.<\/p>\n\n\n\n<p>&#x1f6e1;&#xfe0f; Beruf &amp; Erfahrung<br>Seit \u00fcber 30 Jahren bin ich im Polizeidienst t\u00e4tig \u2013 mit einer gro\u00dfen Verwendungsbreite:<\/p>\n\n\n\n<ul class=\"wp-block-list\">\n<li>Personen- und Objektschutz in Bonn<\/li>\n\n\n\n<li>Einsatzhundertschaft &amp; Wachdienst<\/li>\n\n\n\n<li>Verkehrsdienst inkl. Motorradstreife<\/li>\n\n\n\n<li>F\u00fchrungsstelle<\/li>\n\n\n\n<li>Unfallsachbearbeitung<\/li>\n\n\n\n<li>Heute: Ermittler bei der Kriminalpolizei<br>Besonders pr\u00e4gend waren meine zwei Jahre im Auslandseinsatz in Afghanistan und Mali. Dort habe ich Projekte geleitet, ausgebildet und Lehrpl\u00e4ne entwickelt \u2013 unter anderem f\u00fcr die Vereinten Nationen. Diese Arbeit hat mir gezeigt, wie wichtig Verl\u00e4sslichkeit, Respekt und interkulturelles Verst\u00e4ndnis sind.<br>In der Corona-Pandemie war ich Teil des beh\u00f6rdlichen Pandemiestabs \u2013 Krisenmanagement, das fordert und verbindet.<\/li>\n<\/ul>\n\n\n\n<p>&#x1f3db;&#xfe0f; Mein Weg in die Kommunalpolitik<br>Politik begleitet mich seit meiner Jugend. Als Sch\u00fclersprecher k\u00e4mpfte ich gegen die Schlie\u00dfung der Realschule Waldschule. Sp\u00e4ter engagierte ich mich in der B\u00fcrgerbewegung f\u00fcr die Ortsumgehung Pumpe.<br>Bei seinem damaligen Antrittsbesuch in meiner Beh\u00f6rde durfte ich 2017 den NRW Innenminister Herbert Reul kennenlernen. Dessen positives Wirken f\u00fcr die Polizei in NRW hat mich zur CDU gef\u00fchrt. Seitdem bin ich aktiv, unter anderem als stellvertretender sachkundiger B\u00fcrger im Sportausschuss. Ich geh\u00f6re zudem als Mitgliederbeauftragter dem Vorstand des Stadtverband Eschweiler an.<\/p>\n\n\n\n<p>&#x2764;&#xfe0f; Was mir am Herzen liegt<\/p>\n\n\n\n<ul class=\"wp-block-list\">\n<li>Die Einf\u00fchrung von automatisierten Defibrillatoren in Eschweiler<\/li>\n\n\n\n<li>Die St\u00e4rkung unseres Ortsteils Pumpe-Stich<\/li>\n\n\n\n<li>Die Unterst\u00fctzung unserer vielf\u00e4ltigen Vereinslandschaft<\/li>\n\n\n\n<li>Eine Politik, die zuh\u00f6rt, handelt und verbindet Populisten und Selbstdarsteller sind mir ein Gr\u00e4uel.<\/li>\n<\/ul>\n\n\n\n<p>&#x1f3b8; Pers\u00f6nlich &amp; nahbar<br>Ich bin leidenschaftlicher Schallplattensammler \u2013 Rock der 70er und 80er ist mein Soundtrack. Ich fahre gerne Motorrad und bin aktiv in Vereinen wie der Sch\u00fctzenbruderschaft Pumpe-Stich und der KG Narrenzunft. Durch Mitgliedschaft unterst\u00fctze ich ferner die Bergrather Theatergesellschaft  und einen Motorradclub f\u00fcr Polizeibeamte. Ferner geh\u00f6re ich der internationalen Polizeivereinigung IPA und nat\u00fcrlich der Gewerkschaft der Polizei im DGB  an. F\u00fcr mich ist Gemeinschaft kein Schlagwort, sondern gelebter Alltag.<\/p>\n\n\n\n<p>&#x1f91d; Gemeinsam f\u00fcr Eschweiler<br>Ich bin im  Stadtrat, weil ich gestalten will \u2013 mit Erfahrung, Bodenhaftung und einem offenen Ohr f\u00fcr die Anliegen der B\u00fcrgerinnen und B\u00fcrger. Eschweiler verdient eine Politik, die nicht nur verwaltet, sondern bewegt.<br><\/p>\n\n\n\n<p><\/p>\n","protected":false},"excerpt":{"rendered":"<p>Ich bin 1972 in Eschweiler geboren, hier verwurzelt und mit ganzem Herzen Teil dieser Stadt. Seit 1996 bin ich verheiratet, Vater von zwei erwachsenen T\u00f6chtern&#8230;<\/p>\n<div class=\"more-link-wrapper\"><a class=\"more-link\" href=\"https:\/\/waldonline.eu\/?page_id=314\">Weiterlesen<span class=\"screen-reader-text\">\u00dcber mich&#8230;<\/span><\/a><\/div>\n","protected":false},"author":1,"featured_media":0,"parent":0,"menu_order":0,"comment_status":"closed","ping_status":"closed","template":"","meta":{"footnotes":""},"class_list":["post-314","page","type-page","status-publish","hentry","entry"],"_links":{"self":[{"href":"https:\/\/waldonline.eu\/index.php?rest_route=\/wp\/v2\/pages\/314","targetHints":{"allow":["GET"]}}],"collection":[{"href":"https:\/\/waldonline.eu\/index.php?rest_route=\/wp\/v2\/pages"}],"about":[{"href":"https:\/\/waldonline.eu\/index.php?rest_route=\/wp\/v2\/types\/page"}],"author":[{"embeddable":true,"href":"https:\/\/waldonline.eu\/index.php?rest_route=\/wp\/v2\/users\/1"}],"replies":[{"embeddable":true,"href":"https:\/\/waldonline.eu\/index.php?rest_route=%2Fwp%2Fv2%2Fcomments&post=314"}],"version-history":[{"count":5,"href":"https:\/\/waldonline.eu\/index.php?rest_route=\/wp\/v2\/pages\/314\/revisions"}],"predecessor-version":[{"id":348,"href":"https:\/\/waldonline.eu\/index.php?rest_route=\/wp\/v2\/pages\/314\/revisions\/348"}],"wp:attachment":[{"href":"https:\/\/waldonline.eu\/index.php?rest_route=%2Fwp%2Fv2%2Fmedia&parent=314"}],"curies":[{"name":"wp","href":"https:\/\/api.w.org\/{rel}","templated":true}]}}