{"id":87,"date":"2019-10-01T15:49:55","date_gmt":"2019-10-01T15:49:55","guid":{"rendered":"http:\/\/waldonline.eu\/?page_id=87"},"modified":"2019-10-01T15:49:55","modified_gmt":"2019-10-01T15:49:55","slug":"impressum","status":"publish","type":"page","link":"https:\/\/waldonline.eu\/?page_id=87","title":{"rendered":"Impressum"},"content":{"rendered":"\n<p><strong>Impressum private Homepage<\/strong><\/p>\n\n\n\n<p><strong>http:\/\/waldonline.eu<\/strong> und <strong>http:\/\/www.oliver-wald.de<\/strong><\/p>\n\n\n\n<p><strong>Impressum<\/strong><\/p>\n\n\n\n<p><strong>Die folgenden Angaben entsprechen den Vorgaben von \u00a7\u00a05 TMG:<\/strong><\/p>\n\n\n\n<p>Oliver Wald, ,52249 Eschweiler<\/p>\n\n\n\n<p><strong>Kontaktdaten:<\/strong><\/p>\n\n\n\n<p>Telefon: + 49 (0) 160 844 68 07<\/p>\n\n\n\n<p>E-Mail-Adresse: post@oliver-wald.de<\/p>\n\n\n\n<p><strong>Haftung f\u00fcr Inhalte:<\/strong><\/p>\n\n\n\n<p>Im Sinne von \u00a7\u00a07 Absatz 1 TMG bin ich die eigenen Inhalte auf dieser Webseite verantwortlich. Durch \u00a7\u00a7\u00a08 bis einschlie\u00dflich 10 TMG bin ich aber nicht verpflichtet, gespeicherte oder \u00fcbermittelte fremde Inhalte zu \u00fcberwachen oder diese auf Rechtswidrigkeit zu pr\u00fcfen. Das befreit mich jedoch nicht von der Pflicht, der Sperrung und Entfernung von Informationen nach geltenden Gesetzen nachzukommen.<\/p>\n","protected":false},"excerpt":{"rendered":"<p>Impressum private Homepage http:\/\/waldonline.eu und http:\/\/www.oliver-wald.de Impressum Die folgenden Angaben entsprechen den Vorgaben von \u00a7\u00a05 TMG: Oliver Wald, ,52249 Eschweiler Kontaktdaten: Telefon: + 49 (0)&#8230;<\/p>\n<div class=\"more-link-wrapper\"><a class=\"more-link\" href=\"https:\/\/waldonline.eu\/?page_id=87\">Weiterlesen<span class=\"screen-reader-text\">Impressum<\/span><\/a><\/div>\n","protected":false},"author":1,"featured_media":0,"parent":0,"menu_order":0,"comment_status":"closed","ping_status":"closed","template":"","meta":{"footnotes":""},"class_list":["post-87","page","type-page","status-publish","hentry","entry"],"_links":{"self":[{"href":"https:\/\/waldonline.eu\/index.php?rest_route=\/wp\/v2\/pages\/87","targetHints":{"allow":["GET"]}}],"collection":[{"href":"https:\/\/waldonline.eu\/index.php?rest_route=\/wp\/v2\/pages"}],"about":[{"href":"https:\/\/waldonline.eu\/index.php?rest_route=\/wp\/v2\/types\/page"}],"author":[{"embeddable":true,"href":"https:\/\/waldonline.eu\/index.php?rest_route=\/wp\/v2\/users\/1"}],"replies":[{"embeddable":true,"href":"https:\/\/waldonline.eu\/index.php?rest_route=%2Fwp%2Fv2%2Fcomments&post=87"}],"version-history":[{"count":1,"href":"https:\/\/waldonline.eu\/index.php?rest_route=\/wp\/v2\/pages\/87\/revisions"}],"predecessor-version":[{"id":88,"href":"https:\/\/waldonline.eu\/index.php?rest_route=\/wp\/v2\/pages\/87\/revisions\/88"}],"wp:attachment":[{"href":"https:\/\/waldonline.eu\/index.php?rest_route=%2Fwp%2Fv2%2Fmedia&parent=87"}],"curies":[{"name":"wp","href":"https:\/\/api.w.org\/{rel}","templated":true}]}}